{"id":23766,"date":"2019-05-15T15:48:12","date_gmt":"2019-05-15T20:48:12","guid":{"rendered":"https:\/\/buntai.ec\/?page_id=23766"},"modified":"2019-05-31T18:45:57","modified_gmt":"2019-05-31T23:45:57","slug":"inicio","status":"publish","type":"page","link":"https:\/\/www.edificiobuntai.com\/site\/","title":{"rendered":"Inicio"},"content":{"rendered":"<p>[vc_row][vc_column][rev_slider_vc alias=\u00bbhome-slider-2&#8243;][\/vc_column][\/vc_row][vc_row full_width=\u00bbstretch_row\u00bb][vc_column width=\u00bb2\/3&#8243; el_class=\u00bbimagen-s1 col-mobile\u00bb offset=\u00bbvc_col-xs-12&#8243;]<div class=\"boc_spacing \" style=\"height: 60px\"><\/div>[vc_single_image alignment=\u00bbcenter\u00bb image=\u00bb23801&#8243;]<div class=\"boc_spacing \" style=\"height: 30px\"><\/div>[\/vc_column][vc_column width=\u00bb1\/3&#8243; el_class=\u00bbtexto-s1&#8243; offset=\u00bbvc_col-xs-12&#8243;]<div class=\"boc_spacing desktop\" style=\"height: 165px\"><\/div><div class=\"boc_divider_holder\"><div class=\"boc_divider  \"  style=\"margin-top: 20px;margin-bottom: 0px;width: 60px;height: 3px;background: #d4a840;\"><\/div><\/div><div class=\"boc_spacing \" style=\"height: 15px\"><\/div><h2 class=\"boc_heading titulos-secciones-buntai al_left  \"  style=\"margin-bottom: 20px;margin-top: 0px;color: #2d3647;font-size: 40px;\"><span>BUNTAI<\/span><\/h2>[vc_column_text]Un proyecto exclusivo conectado plenamente con la naturaleza.<\/p>\n<p>Espacios de luz \u00fanicos con una vista privilegiada y un dise\u00f1o vanguardista que se acopla arm\u00f3nicamente al entorno puro que lo rodea.[\/vc_column_text][\/vc_column][\/vc_row][vc_row full_width=\u00bbstretch_row_content_no_spaces\u00bb el_class=\u00bbtu-buntai-fila\u00bb][vc_column width=\u00bb1\/3&#8243; css=\u00bb.vc_custom_1559346322201{background-image: url(https:\/\/www.edificiobuntai.com\/site\/wp-content\/uploads\/2019\/05\/butai-tuVida.jpg?id=24082) !important;background-position: center !important;background-repeat: no-repeat !important;background-size: cover !important;}\u00bb offset=\u00bbvc_col-xs-4&#8243;]<div class=\"boc_spacing tu-buntai\" style=\"height: 600px\"><\/div><h5 class=\"boc_heading  center  \"  style=\"margin-bottom: 20px;margin-top: 0px;color: #2d3647;font-size: 24px;\"><span>TU VIDA<\/span><\/h5><div class=\"boc_spacing \" style=\"height: 30px\"><\/div>[\/vc_column][vc_column width=\u00bb1\/3&#8243; css=\u00bb.vc_custom_1559346329971{background-image: url(https:\/\/www.edificiobuntai.com\/site\/wp-content\/uploads\/2019\/05\/butai-tuEspacio.jpg?id=24081) !important;background-position: center !important;background-repeat: no-repeat !important;background-size: cover !important;}\u00bb offset=\u00bbvc_col-xs-4&#8243;]<div class=\"boc_spacing tu-buntai\" style=\"height: 600px\"><\/div><h5 class=\"boc_heading  center  \"  style=\"margin-bottom: 20px;margin-top: 0px;color: #2d3647;font-size: 24px;\"><span>TU ESPACIO<\/span><\/h5><div class=\"boc_spacing \" style=\"height: 30px\"><\/div>[\/vc_column][vc_column width=\u00bb1\/3&#8243; offset=\u00bbvc_col-xs-4&#8243; css=\u00bb.vc_custom_1559346353908{background-image: url(https:\/\/www.edificiobuntai.com\/site\/wp-content\/uploads\/2019\/05\/butai-tuFamilia.jpg?id=24080) !important;background-position: center !important;background-repeat: no-repeat !important;background-size: cover !important;}\u00bb]<div class=\"boc_spacing tu-buntai\" style=\"height: 600px\"><\/div><h5 class=\"boc_heading  center  \"  style=\"margin-bottom: 20px;margin-top: 0px;color: #2d3647;font-size: 24px;\"><span>TU FAMILIA<\/span><\/h5><div class=\"boc_spacing \" style=\"height: 30px\"><\/div>[\/vc_column][\/vc_row][vc_row][vc_column width=\u00bb1\/3&#8243; el_class=\u00bbtexto-s2&#8243; offset=\u00bbvc_col-xs-12&#8243;]<div class=\"boc_spacing desktop\" style=\"height: 145px\"><\/div><div class=\"boc_divider_holder\"><div class=\"boc_divider  \"  style=\"margin-top: 20px;margin-bottom: 0px;width: 60px;height: 3px;background: #d4a840;\"><\/div><\/div><div class=\"boc_spacing \" style=\"height: 15px\"><\/div><h2 class=\"boc_heading titulos-secciones-buntai al_left  \"  style=\"margin-bottom: 20px;margin-top: 0px;color: #2d3647;font-size: 40px;\"><span>DISE\u00d1O VANGUARDISTA<\/span><\/h2>[vc_column_text]Comodidad e independencia que armoniza con la amplitud de los espacios, la entrada de luz natural constante, el dise\u00f1o de los jardines, p\u00e9rgolas, balcones y grandes terrazas que se ajustan al estilo de vida de cada usuario.[\/vc_column_text][\/vc_column][vc_column width=\u00bb2\/3&#8243; el_class=\u00bbimagen-s2 col-mobile\u00bb offset=\u00bbvc_col-xs-12&#8243;]<div class=\"boc_spacing \" style=\"height: 60px\"><\/div>[vc_single_image alignment=\u00bbright\u00bb image=\u00bb23814&#8243;]<div class=\"boc_spacing \" style=\"height: 30px\"><\/div>[\/vc_column][\/vc_row]<\/p>\n","protected":false},"excerpt":{"rendered":"<p>[vc_row][vc_column][rev_slider_vc alias=\u00bbhome-slider-2&#8243;][\/vc_column][\/vc_row][vc_row full_width=\u00bbstretch_row\u00bb][vc_column width=\u00bb2\/3&#8243; el_class=\u00bbimagen-s1 col-mobile\u00bb offset=\u00bbvc_col-xs-12&#8243;][vc_single_image alignment=\u00bbcenter\u00bb image=\u00bb23801&#8243;][\/vc_column][vc_column width=\u00bb1\/3&#8243; el_class=\u00bbtexto-s1&#8243; offset=\u00bbvc_col-xs-12&#8243;][vc_column_text]Un proyecto exclusivo conectado plenamente con la naturaleza. Espacios de luz \u00fanicos con una vista privilegiada y un dise\u00f1o vanguardista que se acopla arm\u00f3nicamente al entorno puro que lo rodea.[\/vc_column_text][\/vc_column][\/vc_row][vc_row full_width=\u00bbstretch_row_content_no_spaces\u00bb el_class=\u00bbtu-buntai-fila\u00bb][vc_column width=\u00bb1\/3&#8243; css=\u00bb.vc_custom_1559346322201{background-image: url(https:\/\/www.edificiobuntai.com\/site\/wp-content\/uploads\/2019\/05\/butai-tuVida.jpg?id=24082) !important;background-position: center !important;background-repeat: no-repeat !important;background-size: cover !important;}\u00bb offset=\u00bbvc_col-xs-4&#8243;][\/vc_column][vc_column width=\u00bb1\/3&#8243; css=\u00bb.vc_custom_1559346329971{background-image: url(https:\/\/www.edificiobuntai.com\/site\/wp-content\/uploads\/2019\/05\/butai-tuEspacio.jpg?id=24081) !important;background-position: center !important;background-repeat:<\/p>\n<div class=\"h10\"><\/div>\n<p><a class=\"more-link1\" href=\"https:\/\/www.edificiobuntai.com\/site\/\">Read more<\/a><\/p>\n","protected":false},"author":1,"featured_media":0,"parent":0,"menu_order":0,"comment_status":"closed","ping_status":"closed","template":"","meta":{"inline_featured_image":false,"_monsterinsights_skip_tracking":false,"_monsterinsights_sitenote_active":false,"_monsterinsights_sitenote_note":"","_monsterinsights_sitenote_category":0,"ngg_post_thumbnail":0,"footnotes":""},"class_list":["post-23766","page","type-page","status-publish","hentry"],"_links":{"self":[{"href":"https:\/\/www.edificiobuntai.com\/site\/index.php?rest_route=\/wp\/v2\/pages\/23766","targetHints":{"allow":["GET"]}}],"collection":[{"href":"https:\/\/www.edificiobuntai.com\/site\/index.php?rest_route=\/wp\/v2\/pages"}],"about":[{"href":"https:\/\/www.edificiobuntai.com\/site\/index.php?rest_route=\/wp\/v2\/types\/page"}],"author":[{"embeddable":true,"href":"https:\/\/www.edificiobuntai.com\/site\/index.php?rest_route=\/wp\/v2\/users\/1"}],"replies":[{"embeddable":true,"href":"https:\/\/www.edificiobuntai.com\/site\/index.php?rest_route=%2Fwp%2Fv2%2Fcomments&post=23766"}],"version-history":[{"count":84,"href":"https:\/\/www.edificiobuntai.com\/site\/index.php?rest_route=\/wp\/v2\/pages\/23766\/revisions"}],"predecessor-version":[{"id":24353,"href":"https:\/\/www.edificiobuntai.com\/site\/index.php?rest_route=\/wp\/v2\/pages\/23766\/revisions\/24353"}],"wp:attachment":[{"href":"https:\/\/www.edificiobuntai.com\/site\/index.php?rest_route=%2Fwp%2Fv2%2Fmedia&parent=23766"}],"curies":[{"name":"wp","href":"https:\/\/api.w.org\/{rel}","templated":true}]}}