{"id":23824,"date":"2019-05-22T19:06:58","date_gmt":"2019-05-23T00:06:58","guid":{"rendered":"https:\/\/buntai.ec\/?page_id=23824"},"modified":"2019-06-03T16:10:55","modified_gmt":"2019-06-03T21:10:55","slug":"proyecto","status":"publish","type":"page","link":"https:\/\/www.edificiobuntai.com\/site\/?page_id=23824","title":{"rendered":"Proyecto"},"content":{"rendered":"<p>[vc_row full_width=\u00bbstretch_row_content_no_spaces\u00bb bg_type=\u00bbimage\u00bb parallax_style=\u00bbvcpb-vz-jquery\u00bb bg_image_new=\u00bb23825&#8243; bg_image_repeat=\u00bbno-repeat\u00bb parallax_sense=\u00bb40&#8243; disable_on_mobile_img_parallax=\u00bboff\u00bb parallax_content=\u00bboff\u00bb fadeout_row=\u00bboff\u00bb enable_overlay=\u00bbenable_overlay_value\u00bb overlay_color=\u00bbrgba(0,0,0,0.34)\u00bb css=\u00bb.vc_custom_1558907678086{margin-bottom: 0px !important;padding-top: 250px !important;padding-bottom: 250px !important;}\u00bb el_class=\u00bbtexto-banner-principal\u00bb][vc_column]<h1 class=\"boc_heading  center  \"  style=\"margin-bottom: 12px;margin-top: 0px;color: #ffffff;font-size: 52px;\"><span>MODERNOS ACABADOS Y<br \/>\nMATERIALES<\/span><\/h1>[\/vc_column][\/vc_row][vc_row][vc_column]<div class=\"boc_spacing \" style=\"height: 50px\"><\/div>[\/vc_column][\/vc_row][vc_row full_width=\u00bbstretch_row_content_no_spaces\u00bb el_class=\u00bbcaracteristicas-buntai\u00bb][vc_column css=\u00bb.vc_custom_1559163225167{background-position: center !important;background-repeat: no-repeat !important;background-size: cover !important;}\u00bb]<div class=\"grid_holder mfp_gallery  no_spacing\" id=\"img_gallery_091bb9783b82d5d0b8f3c1b93fac978d\"><div class=\"col span_1_of_3 info_item isotope_element\">\r\n\t\t\t\t\t\t\t<div class=\"pic \">\t\t\t\r\n\t\t\t\t\t\t\t<a href=\"https:\/\/www.edificiobuntai.com\/site\/wp-content\/uploads\/2019\/05\/Sismoresistentes.jpg\" class=\"mfp_popup_gal\" title=\"\">\r\n\t\t\t\t\t\t\t\t<img decoding=\"async\" src=\"https:\/\/www.edificiobuntai.com\/site\/wp-content\/uploads\/2019\/05\/Sismoresistentes.jpg\" alt=\"\" \/>\r\n\t\t\t\t\t\t\t\t<div class='img_overlay'><span class='hover_icon icon_zoom'><\/span><\/div>\r\n\t\t\t\t\t\t\t<\/a>\t<\/div><\/div><div class=\"col span_1_of_3 info_item isotope_element\">\r\n\t\t\t\t\t\t\t<div class=\"pic \">\t\t\t\r\n\t\t\t\t\t\t\t<a href=\"https:\/\/www.edificiobuntai.com\/site\/wp-content\/uploads\/2019\/05\/Seguridad-Domotica.jpg\" class=\"mfp_popup_gal\" title=\"\">\r\n\t\t\t\t\t\t\t\t<img decoding=\"async\" src=\"https:\/\/www.edificiobuntai.com\/site\/wp-content\/uploads\/2019\/05\/Seguridad-Domotica.jpg\" alt=\"\" \/>\r\n\t\t\t\t\t\t\t\t<div class='img_overlay'><span class='hover_icon icon_zoom'><\/span><\/div>\r\n\t\t\t\t\t\t\t<\/a>\t<\/div><\/div><div class=\"col span_1_of_3 info_item isotope_element\">\r\n\t\t\t\t\t\t\t<div class=\"pic \">\t\t\t\r\n\t\t\t\t\t\t\t<a href=\"https:\/\/www.edificiobuntai.com\/site\/wp-content\/uploads\/2019\/05\/Eco-Friendly.jpg\" class=\"mfp_popup_gal\" title=\"\">\r\n\t\t\t\t\t\t\t\t<img decoding=\"async\" src=\"https:\/\/www.edificiobuntai.com\/site\/wp-content\/uploads\/2019\/05\/Eco-Friendly.jpg\" alt=\"\" \/>\r\n\t\t\t\t\t\t\t\t<div class='img_overlay'><span class='hover_icon icon_zoom'><\/span><\/div>\r\n\t\t\t\t\t\t\t<\/a>\t<\/div><\/div><div class=\"col span_1_of_3 info_item isotope_element\">\r\n\t\t\t\t\t\t\t<div class=\"pic \">\t\t\t\r\n\t\t\t\t\t\t\t<a href=\"https:\/\/www.edificiobuntai.com\/site\/wp-content\/uploads\/2019\/05\/Facil-Acceso.jpg\" class=\"mfp_popup_gal\" title=\"\">\r\n\t\t\t\t\t\t\t\t<img decoding=\"async\" src=\"https:\/\/www.edificiobuntai.com\/site\/wp-content\/uploads\/2019\/05\/Facil-Acceso.jpg\" alt=\"\" \/>\r\n\t\t\t\t\t\t\t\t<div class='img_overlay'><span class='hover_icon icon_zoom'><\/span><\/div>\r\n\t\t\t\t\t\t\t<\/a>\t<\/div><\/div><div class=\"col span_1_of_3 info_item isotope_element\">\r\n\t\t\t\t\t\t\t<div class=\"pic \">\t\t\t\r\n\t\t\t\t\t\t\t<a href=\"https:\/\/www.edificiobuntai.com\/site\/wp-content\/uploads\/2019\/05\/Alta-Plusvalia.jpg\" class=\"mfp_popup_gal\" title=\"\">\r\n\t\t\t\t\t\t\t\t<img decoding=\"async\" src=\"https:\/\/www.edificiobuntai.com\/site\/wp-content\/uploads\/2019\/05\/Alta-Plusvalia.jpg\" alt=\"\" \/>\r\n\t\t\t\t\t\t\t\t<div class='img_overlay'><span class='hover_icon icon_zoom'><\/span><\/div>\r\n\t\t\t\t\t\t\t<\/a>\t<\/div><\/div><div class=\"col span_1_of_3 info_item isotope_element\">\r\n\t\t\t\t\t\t\t<div class=\"pic \">\t\t\t\r\n\t\t\t\t\t\t\t<a href=\"https:\/\/www.edificiobuntai.com\/site\/wp-content\/uploads\/2019\/05\/plusvalia-alta.jpg\" class=\"mfp_popup_gal\" title=\"\">\r\n\t\t\t\t\t\t\t\t<img decoding=\"async\" src=\"https:\/\/www.edificiobuntai.com\/site\/wp-content\/uploads\/2019\/05\/plusvalia-alta.jpg\" alt=\"\" \/>\r\n\t\t\t\t\t\t\t\t<div class='img_overlay'><span class='hover_icon icon_zoom'><\/span><\/div>\r\n\t\t\t\t\t\t\t<\/a>\t<\/div><\/div><\/div>[\/vc_column][\/vc_row][vc_row][vc_column]<div class=\"boc_spacing \" style=\"height: 50px\"><\/div>[\/vc_column][\/vc_row][vc_row full_width=\u00bbstretch_row_content_no_spaces\u00bb css=\u00bb.vc_custom_1558588062884{margin-bottom: 0px !important;}\u00bb][vc_column el_class=\u00bbequal_height_column white_text\u00bb css=\u00bb.vc_custom_1558582722527{padding-top: 60px !important;padding-right: 70px !important;padding-bottom: 60px !important;padding-left: 70px !important;background-color: #2d3647 !important;background-position: 0 0 !important;background-repeat: no-repeat !important;}\u00bb][vc_row_inner][vc_column_inner]<h1 class=\"boc_heading titulo-sec-buntai titulos-secciones-buntai al_left  \"  style=\"margin-bottom: 20px;margin-top: 0px;color: #ffffff;\"><span>ESPACIOS RECREATIVOS \u00daNICOS<\/span><\/h1>[\/vc_column_inner][\/vc_row_inner][vc_row_inner][vc_column_inner width=\u00bb1\/3&#8243; css=\u00bb.vc_custom_1558584264358{padding-right: 30px !important;}\u00bb]<div class=\"boc_spacing \" style=\"height: 10px\"><\/div>[vc_single_image image=\u00bb24369&#8243;]<h5 class=\"boc_heading  al_left  \"  style=\"margin-bottom: 14px;margin-top: 0px;color: #ffffff;\"><span>PISCINA PANOR\u00c1MICA<\/span><\/h5>[vc_column_text]Innovadora y exclusiva piscina de cristal estilo infinity, temperada con energ\u00eda limpia, con vista transparente dentro y fuera del agua.[\/vc_column_text][\/vc_column_inner][vc_column_inner el_class=\u00bbespacios-recreativos-centro\u00bb width=\u00bb1\/3&#8243; css=\u00bb.vc_custom_1558584271252{padding-right: 30px !important;padding-left: 30px !important;}\u00bb]<div class=\"boc_spacing \" style=\"height: 10px\"><\/div>[vc_single_image image=\u00bb24371&#8243;]<h5 class=\"boc_heading  al_left  \"  style=\"margin-bottom: 14px;margin-top: 0px;color: #ffffff;\"><span>\u00c1REA BBQ<\/span><\/h5>[vc_column_text]Zona dise\u00f1ada para compartir grandes momentos, mientras preparas tu BBQ al aire libre.[\/vc_column_text]<div class=\"boc_spacing \" style=\"height: 30px\"><\/div>[\/vc_column_inner][vc_column_inner el_class=\u00bbespacio-der\u00bb width=\u00bb1\/3&#8243; css=\u00bb.vc_custom_1558912876864{padding-left: 30px !important;}\u00bb]<div class=\"boc_spacing \" style=\"height: 10px\"><\/div>[vc_single_image image=\u00bb24372&#8243;]<h5 class=\"boc_heading  al_left  \"  style=\"margin-bottom: 14px;margin-top: 0px;color: #ffffff;\"><span>GIMNASIO<\/span><\/h5>[vc_column_text]Moderno espacio equipado con m\u00e1quinas multi-fuerzas, caminadoras, bicicleta est\u00e1tica, pesas, y espacio para yoga y zumba.[\/vc_column_text][\/vc_column_inner][\/vc_row_inner][vc_row_inner][vc_column_inner css=\u00bb.vc_custom_1558584264358{padding-right: 30px !important;}\u00bb]<div class=\"boc_spacing \" style=\"height: 5px\"><\/div>[\/vc_column_inner][\/vc_row_inner][vc_row_inner][vc_column_inner width=\u00bb1\/3&#8243; css=\u00bb.vc_custom_1558584264358{padding-right: 30px !important;}\u00bb]<div class=\"boc_spacing \" style=\"height: 10px\"><\/div>[vc_single_image image=\u00bb24373&#8243;]<h5 class=\"boc_heading  al_left  \"  style=\"margin-bottom: 14px;margin-top: 0px;color: #ffffff;\"><span>\u00c1REA DE JUEGOS<\/span><\/h5>[vc_column_text]Espacios \u00fanicos en donde podr\u00e1s disfrutar con tus amigos y familia.[\/vc_column_text][\/vc_column_inner][vc_column_inner el_class=\u00bbespacios-recreativos-centro\u00bb width=\u00bb1\/3&#8243; css=\u00bb.vc_custom_1558584271252{padding-right: 30px !important;padding-left: 30px !important;}\u00bb]<div class=\"boc_spacing \" style=\"height: 10px\"><\/div>[vc_single_image image=\u00bb24375&#8243;]<h5 class=\"boc_heading  al_left  \"  style=\"margin-bottom: 14px;margin-top: 0px;color: #ffffff;\"><span>CANCHA MULTIUSO<\/span><\/h5>[vc_column_text]Podr\u00e1s disfrutar de las mejores instalaciones para tu deporte favorito.[\/vc_column_text]<div class=\"boc_spacing \" style=\"height: 30px\"><\/div>[\/vc_column_inner][vc_column_inner el_class=\u00bbespacio-der\u00bb width=\u00bb1\/3&#8243; css=\u00bb.vc_custom_1558912871643{padding-left: 30px !important;}\u00bb]<div class=\"boc_spacing \" style=\"height: 10px\"><\/div>[vc_single_image image=\u00bb24376&#8243;]<h5 class=\"boc_heading  al_left  \"  style=\"margin-bottom: 14px;margin-top: 0px;color: #ffffff;\"><span>SAUNA<\/span><\/h5>[vc_column_text]Zona de salud para desintoxicar tu cuerpo en la comodidad de tu hogar.[\/vc_column_text][\/vc_column_inner][\/vc_row_inner]<div class=\"boc_spacing \" style=\"height: 10px\"><\/div>[\/vc_column][\/vc_row][vc_row][vc_column]<div class=\"boc_spacing \" style=\"height: 50px\"><\/div>[\/vc_column][\/vc_row][vc_row][vc_column]<div class=\"boc_divider_holder\"><div class=\"boc_divider  \"  style=\"margin-top: 20px;margin-bottom: 20px;width: 60px;height: 3px;background: #d4a840;\"><\/div><\/div><div class=\"boc_spacing \" style=\"height: 15px\"><\/div><h1 class=\"boc_heading titulos-secciones-buntai al_left  \"  style=\"margin-bottom: 20px;margin-top: 0px;color: #2d3647;\"><span>OPCIONES A TU MEDIDA<\/span><\/h1>[\/vc_column][\/vc_row][vc_row][vc_column width=\u00bb8\/12&#8243;]<div class=\"boc_spacing espacios-desktop\" style=\"height: 20px\"><\/div>[vc_single_image image=\u00bb23890&#8243;]<div class=\"boc_spacing espacios-desktop\" style=\"height: 30px\"><\/div>[\/vc_column][vc_column width=\u00bb4\/12&#8243;]<div class=\"boc_spacing desktop\" style=\"height: 120px\"><\/div>[vc_column_text]Amplios espacios con jard\u00edn, terraza o balc\u00f3n, p\u00e9rgolas, paisajismo interno, aclimatados con chimeneas, 1 &amp; 2 parqueaderos y bodega.[\/vc_column_text][vc_column_text el_class=\u00bblinea-derecha\u00bb css=\u00bb.vc_custom_1558587740080{padding-left: 10px !important;}\u00bb]<strong>7 Duplex<\/strong><\/p>\n<p>Casas doble altura de 3 dormitorios &amp; estudio[\/vc_column_text][vc_column_text el_class=\u00bblinea-derecha\u00bb css=\u00bb.vc_custom_1558587748010{padding-left: 10px !important;}\u00bb]<strong>9 Apartments<\/strong><\/p>\n<p>2 &amp; 3 dormitorios[\/vc_column_text][vc_column_text el_class=\u00bblinea-derecha\u00bb css=\u00bb.vc_custom_1558587754310{padding-left: 10px !important;}\u00bb]<strong>5 Garden Suites<\/strong><\/p>\n<p>1 dormitorio[\/vc_column_text][\/vc_column][\/vc_row]<\/p>\n","protected":false},"excerpt":{"rendered":"<p>[vc_row full_width=\u00bbstretch_row_content_no_spaces\u00bb bg_type=\u00bbimage\u00bb parallax_style=\u00bbvcpb-vz-jquery\u00bb bg_image_new=\u00bb23825&#8243; bg_image_repeat=\u00bbno-repeat\u00bb parallax_sense=\u00bb40&#8243; disable_on_mobile_img_parallax=\u00bboff\u00bb parallax_content=\u00bboff\u00bb fadeout_row=\u00bboff\u00bb enable_overlay=\u00bbenable_overlay_value\u00bb overlay_color=\u00bbrgba(0,0,0,0.34)\u00bb css=\u00bb.vc_custom_1558907678086{margin-bottom: 0px !important;padding-top: 250px !important;padding-bottom: 250px !important;}\u00bb el_class=\u00bbtexto-banner-principal\u00bb][vc_column][\/vc_column][\/vc_row][vc_row][vc_column][\/vc_column][\/vc_row][vc_row full_width=\u00bbstretch_row_content_no_spaces\u00bb el_class=\u00bbcaracteristicas-buntai\u00bb][vc_column css=\u00bb.vc_custom_1559163225167{background-position: center !important;background-repeat: no-repeat !important;background-size: cover !important;}\u00bb][\/vc_column][\/vc_row][vc_row][vc_column][\/vc_column][\/vc_row][vc_row full_width=\u00bbstretch_row_content_no_spaces\u00bb css=\u00bb.vc_custom_1558588062884{margin-bottom: 0px !important;}\u00bb][vc_column el_class=\u00bbequal_height_column white_text\u00bb css=\u00bb.vc_custom_1558582722527{padding-top: 60px !important;padding-right: 70px !important;padding-bottom: 60px !important;padding-left: 70px !important;background-color: #2d3647 !important;background-position: 0 0 !important;background-repeat: no-repeat !important;}\u00bb][vc_row_inner][vc_column_inner][\/vc_column_inner][\/vc_row_inner][vc_row_inner][vc_column_inner width=\u00bb1\/3&#8243; css=\u00bb.vc_custom_1558584264358{padding-right: 30px !important;}\u00bb][vc_single_image image=\u00bb24369&#8243;][vc_column_text]Innovadora y exclusiva piscina de<\/p>\n<div class=\"h10\"><\/div>\n<p><a class=\"more-link1\" href=\"https:\/\/www.edificiobuntai.com\/site\/?page_id=23824\">Read more<\/a><\/p>\n","protected":false},"author":1,"featured_media":0,"parent":0,"menu_order":0,"comment_status":"closed","ping_status":"closed","template":"","meta":{"inline_featured_image":false,"_monsterinsights_skip_tracking":false,"_monsterinsights_sitenote_active":false,"_monsterinsights_sitenote_note":"","_monsterinsights_sitenote_category":0,"ngg_post_thumbnail":0,"footnotes":""},"class_list":["post-23824","page","type-page","status-publish","hentry"],"_links":{"self":[{"href":"https:\/\/www.edificiobuntai.com\/site\/index.php?rest_route=\/wp\/v2\/pages\/23824","targetHints":{"allow":["GET"]}}],"collection":[{"href":"https:\/\/www.edificiobuntai.com\/site\/index.php?rest_route=\/wp\/v2\/pages"}],"about":[{"href":"https:\/\/www.edificiobuntai.com\/site\/index.php?rest_route=\/wp\/v2\/types\/page"}],"author":[{"embeddable":true,"href":"https:\/\/www.edificiobuntai.com\/site\/index.php?rest_route=\/wp\/v2\/users\/1"}],"replies":[{"embeddable":true,"href":"https:\/\/www.edificiobuntai.com\/site\/index.php?rest_route=%2Fwp%2Fv2%2Fcomments&post=23824"}],"version-history":[{"count":101,"href":"https:\/\/www.edificiobuntai.com\/site\/index.php?rest_route=\/wp\/v2\/pages\/23824\/revisions"}],"predecessor-version":[{"id":24377,"href":"https:\/\/www.edificiobuntai.com\/site\/index.php?rest_route=\/wp\/v2\/pages\/23824\/revisions\/24377"}],"wp:attachment":[{"href":"https:\/\/www.edificiobuntai.com\/site\/index.php?rest_route=%2Fwp%2Fv2%2Fmedia&parent=23824"}],"curies":[{"name":"wp","href":"https:\/\/api.w.org\/{rel}","templated":true}]}}