{"id":24027,"date":"2019-05-24T22:17:30","date_gmt":"2019-05-25T03:17:30","guid":{"rendered":"https:\/\/buntai.ec\/?page_id=24027"},"modified":"2020-07-14T14:53:04","modified_gmt":"2020-07-14T19:53:04","slug":"contacto","status":"publish","type":"page","link":"https:\/\/www.edificiobuntai.com\/site\/?page_id=24027","title":{"rendered":"Contacto"},"content":{"rendered":"<p>[vc_row full_width=\u00bbstretch_row_content_no_spaces\u00bb bg_type=\u00bbimage\u00bb parallax_style=\u00bbvcpb-vz-jquery\u00bb bg_image_new=\u00bb24468&#8243; bg_image_repeat=\u00bbno-repeat\u00bb parallax_sense=\u00bb40&#8243; disable_on_mobile_img_parallax=\u00bboff\u00bb parallax_content=\u00bboff\u00bb fadeout_row=\u00bboff\u00bb enable_overlay=\u00bbenable_overlay_value\u00bb overlay_color=\u00bbrgba(0,0,0,0.34)\u00bb css=\u00bb.vc_custom_1594756380880{margin-bottom: 0px !important;padding-top: 170px !important;padding-bottom: 70px !important;}\u00bb el_class=\u00bbtexto-banner-principal\u00bb][vc_column]<h1 class=\"boc_heading  center  \"  style=\"margin-bottom: 12px;margin-top: 0px;color: #ffffff;font-size: 52px;\"><span>COTIZA YA<br \/>\nCONT\u00c1CTANOS<\/span><\/h1>[\/vc_column][\/vc_row][vc_row bg_type=\u00bbbg_color\u00bb bg_override=\u00bbfull\u00bb seperator_enable=\u00bbseperator_enable_value\u00bb seperator_type=\u00bbtriangle_svg_seperator\u00bb seperator_position=\u00bbbottom_seperator\u00bb seperator_svg_height=\u00bb10&#8243; seperator_shape_background=\u00bb#08ada7&#8243; bg_color_value=\u00bb#ffffff\u00bb css=\u00bb.vc_custom_1558754552962{margin-bottom: 0px !important;padding-top: 50px !important;padding-bottom: 80px !important;}\u00bb][vc_column width=\u00bb1\/2&#8243; css=\u00bb.vc_custom_1594755483520{margin-top: 20px !important;margin-right: 15px !important;border-top-width: 1px !important;border-right-width: 1px !important;border-bottom-width: 1px !important;border-left-width: 1px !important;padding-top: 30px !important;padding-right: 30px !important;padding-bottom: 30px !important;padding-left: 30px !important;background-color: #ffffff !important;border-left-color: #eeeeee !important;border-left-style: solid !important;border-right-color: #eeeeee !important;border-right-style: solid !important;border-top-color: #eeeeee !important;border-top-style: solid !important;border-bottom-color: #eeeeee !important;border-bottom-style: solid !important;}\u00bb]<div class=\"boc_divider_holder\"><div class=\"boc_divider  \"  style=\"margin-top: 20px;margin-bottom: 20px;width: 60px;height: 3px;background: #d4a840;\"><\/div><\/div><h3 class=\"boc_heading  al_left  \"  style=\"margin-bottom: 20px;margin-top: 0px;color: #333333;\"><span>Escr\u00edbenos para <strong>m\u00e1s informaci\u00f3n<\/strong><\/span><\/h3><div class=\"boc_spacing \" style=\"height: 20px\"><\/div>\n<div class=\"wpcf7 no-js\" id=\"wpcf7-f22429-o1\" lang=\"en-US\" dir=\"ltr\" data-wpcf7-id=\"22429\">\n<div class=\"screen-reader-response\"><p role=\"status\" aria-live=\"polite\" aria-atomic=\"true\"><\/p> <ul><\/ul><\/div>\n<form action=\"\/site\/index.php?rest_route=%2Fwp%2Fv2%2Fpages%2F24027#wpcf7-f22429-o1\" method=\"post\" class=\"wpcf7-form init\" aria-label=\"Contact form\" novalidate=\"novalidate\" data-status=\"init\">\n<div style=\"display: none;\">\n<input type=\"hidden\" name=\"_wpcf7\" value=\"22429\" \/>\n<input type=\"hidden\" name=\"_wpcf7_version\" value=\"6.0.6\" \/>\n<input type=\"hidden\" name=\"_wpcf7_locale\" value=\"en_US\" \/>\n<input type=\"hidden\" name=\"_wpcf7_unit_tag\" value=\"wpcf7-f22429-o1\" \/>\n<input type=\"hidden\" name=\"_wpcf7_container_post\" value=\"0\" \/>\n<input type=\"hidden\" name=\"_wpcf7_posted_data_hash\" value=\"\" \/>\n<\/div>\n<p><span class=\"wpcf7-form-control-wrap\" data-name=\"nombre\"><input size=\"40\" maxlength=\"400\" class=\"wpcf7-form-control wpcf7-text wpcf7-validates-as-required\" aria-required=\"true\" aria-invalid=\"false\" placeholder=\"Nombres *\" value=\"\" type=\"text\" name=\"nombre\" \/><\/span>\n<\/p>\n<p><span class=\"wpcf7-form-control-wrap\" data-name=\"email\"><input size=\"40\" maxlength=\"400\" class=\"wpcf7-form-control wpcf7-email wpcf7-validates-as-required wpcf7-text wpcf7-validates-as-email\" aria-required=\"true\" aria-invalid=\"false\" placeholder=\"Correo *\" value=\"\" type=\"email\" name=\"email\" \/><\/span>\n<\/p>\n<p><span class=\"wpcf7-form-control-wrap\" data-name=\"message\"><textarea cols=\"40\" rows=\"5\" maxlength=\"2000\" class=\"wpcf7-form-control wpcf7-textarea\" aria-invalid=\"false\" placeholder=\"Mensaje *\" name=\"message\"><\/textarea><\/span>\n<\/p>\n<div class=\"h10\">\n<\/div>\n<p><input type=\"hidden\" name=\"_wpcf7_captcha_challenge_captcha-887\" value=\"541910149\" \/><img loading=\"lazy\" decoding=\"async\" class=\"wpcf7-form-control wpcf7-captchac wpcf7-captcha-captcha-887\" width=\"72\" height=\"24\" alt=\"captcha\" src=\"https:\/\/www.edificiobuntai.com\/site\/wp-content\/uploads\/wpcf7_captcha\/541910149.png\" \/>\n<\/p>\n<p><span class=\"wpcf7-form-control-wrap\" data-name=\"captcha-887\"><input size=\"4\" maxlength=\"4\" class=\"wpcf7-form-control wpcf7-captchar captcha_input\" autocomplete=\"off\" aria-invalid=\"false\" placeholder=\"Ingrese el c\u00f3digo\" value=\"\" type=\"text\" name=\"captcha-887\" \/><\/span>\n<\/p>\n<div class=\"h20\">\n<\/div>\n<p><input class=\"wpcf7-form-control wpcf7-submit has-spinner btn_theme_color btn_rounded\" type=\"submit\" value=\"Enviar\" \/>\n<\/p><input type='hidden' class='wpcf7-pum' value='{\"closepopup\":false,\"closedelay\":0,\"openpopup\":false,\"openpopup_id\":0}' \/><div class=\"wpcf7-response-output\" aria-hidden=\"true\"><\/div>\n<\/form>\n<\/div>\n<div class=\"boc_spacing \" style=\"height: 10px\"><\/div>[\/vc_column][vc_column width=\u00bb1\/2&#8243; css=\u00bb.vc_custom_1594755477312{margin-top: 20px !important;margin-left: 15px !important;border-top-width: 1px !important;border-right-width: 1px !important;border-bottom-width: 1px !important;border-left-width: 1px !important;padding-top: 30px !important;padding-right: 30px !important;padding-bottom: 30px !important;padding-left: 30px !important;background-color: #ffffff !important;border-left-color: #eeeeee !important;border-left-style: solid !important;border-right-color: #eeeeee !important;border-right-style: solid !important;border-top-color: #eeeeee !important;border-top-style: solid !important;border-bottom-color: #eeeeee !important;border-bottom-style: solid !important;}\u00bb el_class=\u00bbformulario col-mobile\u00bb offset=\u00bbvc_col-xs-12&#8243;]<div class=\"boc_divider_holder\"><div class=\"boc_divider  \"  style=\"margin-top: 20px;margin-bottom: 20px;width: 60px;height: 3px;background: #d4a840;\"><\/div><\/div><h3 class=\"boc_heading  al_left  \"  style=\"margin-bottom: 20px;margin-top: 0px;color: #333333;\"><span>Ubicaci\u00f3n del <strong>proyecto<\/strong><\/span><\/h3>[vc_column_text]<\/p>\n<p><center><iframe loading=\"lazy\" style=\"border: 0;\" tabindex=\"0\" src=\"https:\/\/www.google.com\/maps\/embed?pb=!1m18!1m12!1m3!1d3989.7907712170686!2d-78.4545052852467!3d-0.21291939984464994!2m3!1f0!2f0!3f0!3m2!1i1024!2i768!4f13.1!3m3!1m2!1s0x91d591ac0c769669%3A0xc8f9961a2e3ea514!2sBUNTAI!5e0!3m2!1sen!2sec!4v1594755513014!5m2!1sen!2sec\" width=\"100%\" height=\"305\" frameborder=\"0\" allowfullscreen=\"allowfullscreen\" aria-hidden=\"false\"><\/iframe><\/center>[\/vc_column_text]<div class=\"boc_spacing \" style=\"height: 10px\"><\/div><h4 class=\"boc_heading  al_left  \"  style=\"margin-bottom: 20px;margin-top: 0px;color: #333333;\"><span>Datos de <strong>Contacto<\/strong><\/span><\/h4><div class=\"boc_list_item  \"  style=\"margin-bottom: 10px;\">\r\n\t\t\t\t\t<span class=\"li_icon small \" style=\"\"><i class=\"icon icon-mobile3\" style=\"\"><\/i><\/span>\r\n\t\t\t\t\t<div class=\"boc_list_item_text small\">099-272-0452<\/div>\r\n\t\t\t\t   <\/div><div class=\"boc_list_item  \"  style=\"margin-bottom: 10px;\">\r\n\t\t\t\t\t<span class=\"li_icon small \" style=\"\"><i class=\"icon icon-mail2\" style=\"\"><\/i><\/span>\r\n\t\t\t\t\t<div class=\"boc_list_item_text small\">info@buntai.ec<\/div>\r\n\t\t\t\t   <\/div><div class=\"boc_list_item  \"  style=\"margin-bottom: 10px;\">\r\n\t\t\t\t\t<span class=\"li_icon small \" style=\"\"><i class=\"icon icon-location2\" style=\"\"><\/i><\/span>\r\n\t\t\t\t\t<div class=\"boc_list_item_text small\">La Granja OE5-34 y Hungr\u00eda<\/div>\r\n\t\t\t\t   <\/div>[\/vc_column][\/vc_row][vc_row css=\u00bb.vc_custom_1559686286626{margin-top: -100px !important;}\u00bb][vc_column]<div class=\"boc_divider_holder\"><div class=\"boc_divider  \"  style=\"margin-top: 20px;margin-bottom: 20px;height: 1px;background: #eeeeee;\"><\/div><\/div>[\/vc_column][\/vc_row][vc_row][vc_column width=\u00bb2\/12&#8243;][\/vc_column][vc_column width=\u00bb8\/12&#8243;][vc_row_inner][vc_column_inner width=\u00bb1\/3&#8243; css=\u00bb.vc_custom_1559688859037{margin-top: 0px !important;padding-right: 15% !important;padding-left: 15% !important;}\u00bb]<div class=\"boc_spacing espacios-desktop\" style=\"height: 30px\"><\/div>[vc_single_image alignment=\u00bbcenter\u00bb image=\u00bb24440&#8243;]<div class=\"boc_spacing \" style=\"height: 20px\"><\/div>[\/vc_column_inner][vc_column_inner width=\u00bb1\/3&#8243; css=\u00bb.vc_custom_1559688674400{margin-top: -20px !important;padding-right: 25% !important;padding-left: 25% !important;}\u00bb][vc_single_image alignment=\u00bbcenter\u00bb image=\u00bb24441&#8243;][\/vc_column_inner][vc_column_inner width=\u00bb1\/3&#8243; css=\u00bb.vc_custom_1559688614806{margin-top: 30px !important;padding-right: 15% !important;padding-left: 15% !important;}\u00bb][vc_single_image alignment=\u00bbcenter\u00bb image=\u00bb24442&#8243;][\/vc_column_inner][\/vc_row_inner][vc_row_inner css=\u00bb.vc_custom_1559688819760{margin-top: -30px !important;}\u00bb][vc_column_inner]<div class=\"boc_divider_holder\"><div class=\"boc_divider  \"  style=\"margin-top: 20px;margin-bottom: 20px;width: 60px;margin-left: auto; margin-right: auto;height: 3px;background: #d4a840;\"><\/div><\/div>[vc_column_text]<\/p>\n<p style=\"text-align: center;\">Promotor: Gamusa<br \/>\nDise\u00f1o: Alvear Brown Arquitectos<br \/>\nConstructor: Factor A Construir<\/p>\n<p>[\/vc_column_text][\/vc_column_inner][\/vc_row_inner][\/vc_column][vc_column width=\u00bb2\/12&#8243;][\/vc_column][\/vc_row]<\/p>\n","protected":false},"excerpt":{"rendered":"<p>[vc_row full_width=\u00bbstretch_row_content_no_spaces\u00bb bg_type=\u00bbimage\u00bb parallax_style=\u00bbvcpb-vz-jquery\u00bb bg_image_new=\u00bb24468&#8243; bg_image_repeat=\u00bbno-repeat\u00bb parallax_sense=\u00bb40&#8243; disable_on_mobile_img_parallax=\u00bboff\u00bb parallax_content=\u00bboff\u00bb fadeout_row=\u00bboff\u00bb enable_overlay=\u00bbenable_overlay_value\u00bb overlay_color=\u00bbrgba(0,0,0,0.34)\u00bb css=\u00bb.vc_custom_1594756380880{margin-bottom: 0px !important;padding-top: 170px !important;padding-bottom: 70px !important;}\u00bb el_class=\u00bbtexto-banner-principal\u00bb][vc_column][\/vc_column][\/vc_row][vc_row bg_type=\u00bbbg_color\u00bb bg_override=\u00bbfull\u00bb seperator_enable=\u00bbseperator_enable_value\u00bb seperator_type=\u00bbtriangle_svg_seperator\u00bb seperator_position=\u00bbbottom_seperator\u00bb seperator_svg_height=\u00bb10&#8243; seperator_shape_background=\u00bb#08ada7&#8243; bg_color_value=\u00bb#ffffff\u00bb css=\u00bb.vc_custom_1558754552962{margin-bottom: 0px !important;padding-top: 50px !important;padding-bottom: 80px !important;}\u00bb][vc_column width=\u00bb1\/2&#8243; css=\u00bb.vc_custom_1594755483520{margin-top: 20px !important;margin-right: 15px !important;border-top-width: 1px !important;border-right-width: 1px !important;border-bottom-width: 1px !important;border-left-width: 1px !important;padding-top: 30px !important;padding-right: 30px !important;padding-bottom: 30px !important;padding-left: 30px !important;background-color: #ffffff !important;border-left-color: #eeeeee<\/p>\n<div class=\"h10\"><\/div>\n<p><a class=\"more-link1\" href=\"https:\/\/www.edificiobuntai.com\/site\/?page_id=24027\">Read more<\/a><\/p>\n","protected":false},"author":1,"featured_media":0,"parent":0,"menu_order":0,"comment_status":"closed","ping_status":"closed","template":"","meta":{"inline_featured_image":false,"_monsterinsights_skip_tracking":false,"_monsterinsights_sitenote_active":false,"_monsterinsights_sitenote_note":"","_monsterinsights_sitenote_category":0,"ngg_post_thumbnail":0,"footnotes":""},"class_list":["post-24027","page","type-page","status-publish","hentry"],"_links":{"self":[{"href":"https:\/\/www.edificiobuntai.com\/site\/index.php?rest_route=\/wp\/v2\/pages\/24027","targetHints":{"allow":["GET"]}}],"collection":[{"href":"https:\/\/www.edificiobuntai.com\/site\/index.php?rest_route=\/wp\/v2\/pages"}],"about":[{"href":"https:\/\/www.edificiobuntai.com\/site\/index.php?rest_route=\/wp\/v2\/types\/page"}],"author":[{"embeddable":true,"href":"https:\/\/www.edificiobuntai.com\/site\/index.php?rest_route=\/wp\/v2\/users\/1"}],"replies":[{"embeddable":true,"href":"https:\/\/www.edificiobuntai.com\/site\/index.php?rest_route=%2Fwp%2Fv2%2Fcomments&post=24027"}],"version-history":[{"count":92,"href":"https:\/\/www.edificiobuntai.com\/site\/index.php?rest_route=\/wp\/v2\/pages\/24027\/revisions"}],"predecessor-version":[{"id":24622,"href":"https:\/\/www.edificiobuntai.com\/site\/index.php?rest_route=\/wp\/v2\/pages\/24027\/revisions\/24622"}],"wp:attachment":[{"href":"https:\/\/www.edificiobuntai.com\/site\/index.php?rest_route=%2Fwp%2Fv2%2Fmedia&parent=24027"}],"curies":[{"name":"wp","href":"https:\/\/api.w.org\/{rel}","templated":true}]}}